{"id":1809,"date":"2022-04-01T16:44:58","date_gmt":"2022-04-01T16:44:58","guid":{"rendered":"https:\/\/locusproject.web.ua.pt\/?page_id=1809"},"modified":"2023-03-16T14:43:50","modified_gmt":"2023-03-16T14:43:50","slug":"outputs-2","status":"publish","type":"page","link":"https:\/\/locusproject.web.ua.pt\/?page_id=1809","title":{"rendered":"Outputs"},"content":{"rendered":"<p>[vc_row][vc_column][vc_column_text]<\/p>\n<h3>Books<\/h3>\n<p>&nbsp;<\/p>\n<p>Gon\u00e7alves, L. Oliveira, L. &amp; Amaro, A. (2022). <em>Real and Virtual Convergences: the LOCUS Project &#8211; Playful Connected Rural Territories<\/em>, UA Editora Universidade de Aveiro, ISBN: 978-972-789-777-3 | DOI: <a href=\"https:\/\/ria.ua.pt\/handle\/10773\/36542\">10.4018\/978-1-7998-8528-3<\/a>,\u00a0 <a href=\"https:\/\/www.igi-global.com\/book\/handbook-research-digital-communications-internet\/271355\">https:\/\/ria.ua.pt\/handle\/10773\/36542 <\/a><\/p>\n<p>Oliveira, L. (Editor).(2022). <em>Digital Communications, Internet of Things, and the Future of Cultural Tourism<\/em>, Hershey, USA: IGI Global. Hershey, PA, ISBN13:\u00a09781799885283\u00a0|\u00a0ISBN10:\u00a01799885283\u00a0|\u00a0EISBN13:\u00a09781799885306 &#8211; DOI:\u00a010.4018\/978-1-7998-8528-3, <a href=\"https:\/\/www.igi-global.com\/book\/handbook-research-digital-communications-internet\/271355\">https:\/\/www.igi-global.com\/book\/handbook-research-digital-communications-internet\/271355<\/a><\/p>\n<p>Oliveira, L., Amaro, A. C. &amp; Melro, A. (Eds.) (2020). <em>Cultural Heritage and Its Impact on Territory Innovation and Development<\/em>. IGI Global. Available at https:\/\/www.igi-global.com\/book\/handbook-research-cultural-heritage-its\/256638<\/p>\n<p>&nbsp;<\/p>\n<h3>Proceedings<\/h3>\n<p>&nbsp;<\/p>\n<p>Martins, D., Oliveira, L. &amp; Amaro, A.C. (2022). <em>Information and communication technologies and communicational approaches for the dissemination, preservation, understanding, and attractiveness of Cultural Heritage<\/em>, ICICT 2022, Proceedings of 7th International Congress on Information and Communication Technology in concurrent with ICT Excellence Awards (ICICT 2022) London, United Kingdom | February 21- 24 2022. <a href=\"https:\/\/ictcs.in\/icict.co.uk\/\">https:\/\/ictcs.in\/icict.co.uk\/<\/a>, <a href=\"https:\/\/icict.co.uk\/home.php\">https:\/\/icict.co.uk\/home.php<\/a>, Springer, [in print].<\/p>\n<p>Martins, D., Oliveira, L. &amp; Amaro, A.C. (2022). <em>From co-design to the construction of a metaverse for the promotion of cultural heritage and tourism: the case of Amiais<\/em>, Proceedings of International Conference on Industry Science and Computer Sciences Innovation 2022 | I CODTHT WorkShop \u2013 Communication and Digital Technology in Cultural Heritage and Tourism Workshop, Gaia, 9 a 11 de March 2022, URL: <a href=\"https:\/\/iscsi-conference.org\/2021\/06\/16\/i-codtht-communication-and-digital-technology-in-cultural-heritage-and-tourism-workshop\/\">https:\/\/iscsi-conference.org\/2021\/06\/16\/i-codtht-communication-and-digital-technology-in-cultural-heritage-and-tourism-workshop\/<\/a>, [in print].<\/p>\n<p>Oliveira, L. (2022). <em>Sensory and Emotional Smart Cultural Tourism: a conceptual pape<\/em><strong>r<\/strong>, Proceedings of International Conference on Industry Science and Computer Sciences Innovation 2022 | CODTHT WorkShop \u2013 Communication and Digital Technology in Cultural Heritage and Tourism Workshop, Gaia, 9 a 11 de March 2022, URL: <a href=\"https:\/\/iscsi-conference.org\/2021\/06\/16\/i-codtht-communication-and-digital-technology-in-cultural-heritage-and-tourism-workshop\/\">https:\/\/iscsi-conference.org\/2021\/06\/16\/i-codtht-communication-and-digital-technology-in-cultural-heritage-and-tourism-workshop\/<\/a>, [in print].<\/p>\n<p>Martins, D., Oliveira, L. &amp; Amaro, A.C. (2022). <em>The Spread of Cultural Heritage in Second Life: Case Study Amiais<\/em>, , Proceedings of World Conference on Information Systems and Technologies (WorldCIST\u201922), Montenegro, 12 a 14 de April de 2022, URL: <a href=\"http:\/\/www.worldcist.org\/\">http:\/\/www.worldcist.org\/<\/a>, [in print].<\/p>\n<p>Martins, D., Oliveira, L. &amp; Amaro, A.C. (2022). <em>Life in Second Life through the eyes of residents<\/em>, Proceedings of CISTI&#8217;2022 &#8211; 17\u00aa Confer\u00eancia Ib\u00e9rica de Sistemas e Tecnologias de Informa\u00e7\u00e3o, 22 to 25 June 2022, Madrid Polytechnic University (UPM), Madrid, Spain. <a href=\"http:\/\/cisti.eu\/index.php?lang=pt\">http:\/\/cisti.eu\/index.php?lang=pt<\/a>, [in print].<\/p>\n<p>Nobrega, R. &amp; Oliveira, L. (2022). <em>Que funcionalidades deve ter uma aplica\u00e7\u00e3o m\u00f3vel centrado no turismo cultural e interculturalidade?,<\/em> Proceedings of CISTI&#8217;2022 &#8211; 17\u00aa Confer\u00eancia Ib\u00e9rica de Sistemas e Tecnologias de Informa\u00e7\u00e3o, 22 to 25 June 2022, Madrid Polytechnic University (UPM), Madrid, Spain. <a href=\"http:\/\/cisti.eu\/index.php?lang=pt\">http:\/\/cisti.eu\/index.php?lang=pt<\/a>, [in print].<\/p>\n<p>Martins, D., Oliveira, L., &amp; Amaro, A. C. (2022). <em>The Role of Second Life Games in Promoting Cultural Heritag<\/em><strong>e<\/strong>. Proceedings of ICITS\u20192022 \u2013 International\u00a0Conference on Information Technology &amp; Systems, Costa Rica. Springer International Publishing, 499-508, doi: 10.1007\/978-3-030-96293-7<\/p>\n<p>Rodrigues, R. &amp; Melro, A. (2020).<em> The challenges in the development of technological research projects in generational gap contexts<\/em>. Martins, N. &amp; Brand\u00e3o, D. (eds.) <em>Atas dos artigos portugu\u00eas e espanhol da 4\u00aa Confer\u00eancia Internacional de Design e Comunica\u00e7\u00e3o Digital, Digicom 2020<\/em>, Barcelos, Portugal. Retrieved from <a href=\"https:\/\/digicom.ipca.pt\/docs\/DIGICOM2020-Atas_PT-ES.pdf\">https:\/\/digicom.ipca.pt\/docs\/DIGICOM2020-Atas_PT-ES.pdf<\/a><\/p>\n<p>Pereira, R., Oliveira, L. &amp; Amaro, A. C. (2020<strong>). <\/strong><em>Enquadrando o Rural \u2013 A busca de narrativas na constru\u00e7\u00e3o de um document\u00e1rio sobre o lugar dos Amiais<\/em>, Portugal. <em>Proceedings AVANCA \u2013 Confer\u00eancia Internacional de Cinema \u2013 Arte, Tecnologia, Comunica\u00e7\u00e3o<\/em>, Cap. V, 22-27.<\/p>\n<p>Khan, I., Amaro, A. C. &amp; Oliveira, L. (2019). <em>IoT-based systems for improving older adults\u2019 wellbeing: a systematic review.<\/em> <em>Proceedings of CISTI\u20192019 \u2013 14th Iberian Conference on Information Systems and Technologies,<\/em> Coimbra, Portugal,\u00a01-6, doi: 10.23919\/CISTI.2019.8760866<\/p>\n<p>Amaro, A. C. &amp; Oliveira, L. (2019). <em>Playful interactions with smart and social objects: supporting intergenerational engagement in learning about Cultural Heritage of rural territories.<\/em> <em>Proceedings of CISTI\u20192019 \u2013 14th Iberian Conference on Information Systems and Technologies<\/em>, Coimbra, Portugal, 1-6, doi: 10.23919\/CISTI.2019.8760920<\/p>\n<p>Amaro, A. C. &amp; Oliveira, L. (2019). <em>IoT for Playful Intergenerational Learning about Cultural Heritage: The LOCUS Approach.<\/em> <em>Proceedings of the 5th International Conference on Information and Communication Technologies for Ageing Well and e-Health (ICT4AWE 2019)<\/em>, Heraklion, Crete, Greece, 282-288, doi: 10.5220\/0007747202820288<\/p>\n<p>&nbsp;<\/p>\n<h3>Seminars, Workshops &amp; Conferences<\/h3>\n<p>&nbsp;<\/p>\n<p>IV Annual LOCUS Seminar: Sharing Cultural Heritage on digital platforms. 27 of June 2022. University of Aveiro.<\/p>\n<p>LOCUS Project and UA Science Communication Curricular Unit Seminar. Explora\u00e7\u00e3o comparativa de Amiais num metaverso e Amiais no espa\u00e7o real. 21 of April 2022. University of Aveiro.<\/p>\n<p>IIIrd Annual LOCUS Seminar. Cultural Heritage: Immaterial Spaces as Spaces of Recreation. 18 of February 2022. University of Aveiro.<\/p>\n<p>IInd Annual LOCUS Seminar. Digital Potentialities and Challenges for Cultural Heritage. 29 of July 2020. University of Aveiro.<\/p>\n<p>Ist Annual LOCUS Seminar. Amiais Cultural Heritage. 25 of July 2019. The University of Aveiro.<\/p>\n<p>EMPOWER 2019 \u2013 1st Workshop\u00a0on\u00a0ICT for\u00a0the\u00a0Empowerment\u00a0of\u00a0Older\u00a0Adults.<strong>\u00a0<\/strong>CISTI\u20192019 \u2013 14th\u00a0Iberian\u00a0Conference\u00a0on\u00a0Information\u00a0Systems\u00a0and\u00a0Technologies. 19th-22nd\u00a0of\u00a0June, 2019. Coimbra Business\u00a0School.<\/p>\n<p>LOCUS\u2019 Seminars. Smart Territories: contemporary challenges. 15th of October, 2018. University of Aveiro<\/p>\n<h5><\/h5>\n<p>&nbsp;<\/p>\n<h3>Posters &amp; Communications<\/h3>\n<p>&nbsp;<\/p>\n<p>Martins, D., Oliveira, L., &amp; Amaro, A. C. (2022, February).\u00a0<em>The Role of Second Life Games in Promoting Cultural Heritage<\/em>. Paper presented at the International\u00a0Conference on Information Technology &amp; Systems, Costa Rica. <a href=\"http:\/\/icits.me\/\">http:\/\/icits.me\/<\/a><\/p>\n<p>Martins, D., Oliveira, L., &amp; Amaro, A. C. (2022, February).\u00a0<em>Information and communication technologies and communicational approaches for the dissemination, preservation, understanding, and attractiveness of Cultural Heritage<\/em>. Paper presented at the 7th International Congress on Information and Communication Technology, London, United Kingdom. <a href=\"https:\/\/icict.co.uk\/\">https:\/\/icict.co.uk\/<\/a><\/p>\n<p>Martins, D., Oliveira, L., &amp; Amaro, A. C. (2022, March).\u00a0<em>From co-design to the construction of a metaverse for the promotion of cultural heritage and tourism the case of Amiais<\/em>. Paper presented at the International Conference on Industry Science and Computer Sciences Innovation, Gaia, Porto. <a href=\"https:\/\/iscsi-conference.org\/\">https:\/\/iscsi-conference.org\/<\/a><\/p>\n<p>Khan, I., Melro, A., Amaro, A. C. &amp; Oliveira, L. (2021, February). <em>Role of Gamification in cultural heritage dissemination. A Systematic review<\/em>. Paper presented at the 6th International Congress on Information and Communication Technology, London, United Kingdom. https:\/\/icict.co.uk\/<\/p>\n<p>Rodrigues, R. &amp; Melro, A. (2020, November). <em>The challenges in the development of technological research projects in generational gap contexts<\/em>. Paper presented at the Digicom \u2013 4th International Conference on Design and Digital Communication, Barcelos, Portugal.<\/p>\n<p>Pereira, R., Oliveira, L. &amp; Amaro, A. C. (2020, July). <em>Enquadrando o Rural \u2013 A busca de narrativas na constru\u00e7\u00e3o de um document\u00e1rio sobre o lugar dos Amiais, Portugal.<\/em> Paper presented at the Confer\u00eancia AVANCA \u2013 Confer\u00eancia Internacional de Cinema \u2013 Arte, Tecnologia, Comunica\u00e7\u00e3o, Avanca, Portugal. <a href=\"http:\/\/www.avanca.org\/PT\/inicio.php\">http:\/\/www.avanca.org\/PT\/inicio.php<\/a><\/p>\n<p>Khan, I., Amaro, A. C. &amp; Oliveira, L. (2019, June). <em>IoT-based systems for improving older adults\u2019 wellbeing: a systematic review<\/em>. Paper presented at the CISTI\u20192019 \u2013 14th Iberian Conference on Information Systems and Technologies, Coimbra, Portugal.<\/p>\n<p>Amaro, A. C. &amp; Oliveira, L. (2019, June). <em>Playful interactions with smart and social objects: supporting intergenerational engagement in learning about Cultural Heritage of rural territories.<\/em> Paper presented at the CISTI\u20192019 \u2013 14th Iberian Conference on Information Systems and Technologies, Coimbra, Portugal.<\/p>\n<p>Amaro, A. C. &amp; Oliveira, L. (2019, May). <em>IoT for Playful Intergenerational Learning about Cultural Heritage: The LOCUS Approach<\/em>. Paper presented at the 5th International Conference on Information and Communication Technologies for Ageing Well and e-Health (ICT4AWE 2019). Heraklion, Crete, Greece.<\/p>\n<p>Oliveira, L. &amp; Amaro, A. C. (2018, August). <em>Screen Time and the Quality of Daily Life. LOCUS as a confluence of temporalities<\/em>. Poster presented at the 4th International Conference on Time Perspective, Nantes, France.<\/p>\n<p>&nbsp;<\/p>\n<h3>Papers &amp; Book chapters<\/h3>\n<p>&nbsp;<\/p>\n<p>Oliveira, L., Amaro, A.C. &amp; Melro, A. (2022). Cultural Heritage as the Genetic Code of Societies and the Role of Digital Technologies in its Preservation, ESSACHESS \u2013 Journal for Communication Studies, Volume 15 Issue 1(29), p. 7-13. \u00a9 The Author(s) 2022, Reprints and Permission: ESSACHESS\u00a0<a href=\"https:\/\/www.essachess.com\/index.php\/jcs\/article\/view\/545\/543\" target=\"_blank\" rel=\"noopener\">https:\/\/www.essachess.com\/index.php\/jcs\/article\/view\/545\/543<\/a><\/p>\n<p>&nbsp;<\/p>\n<p>Melro, A., Oliveira, L. &amp; Amaro, A. C. (2020). Digital media usage and the engagement of older people from rural areas in technological projects: co-design sessions. <em>ESSACHESS \u2013 Journal for Communication Studies<\/em>.<\/p>\n<p>Amaro, A. C., Rodrigues, R. &amp; Oliveira, L. (2020). Engaging older adults in participatory and intergenerational design teams and processes: a systematic review of the current investigation. <em>ESSACHESS \u2013 Journal for Communication Studies<\/em>.<\/p>\n<p>Khan, I., Oliveira, L., Amaro, A. C. &amp; Melro, A. (2020). Internet of Things: Evolution and Potential for Preserving and Enjoying Cultural Heritage. In Oliveira, L., Amaro, A. C. &amp; Melro, A. (Eds.) (2020). <em>Cultural Heritage and Its Impact on Territory Innovation and Development, <\/em>doi: 10.4018\/978-1-7998-6701-2. Available at <a href=\"https:\/\/www.igi-global.com\/book\/handbook-research-cultural-heritage-its\/256638\">https:\/\/www.igi-global.com\/book\/handbook-research-cultural-heritage-its\/256638<\/a><\/p>\n<p>Melro, A., Oliveira, L., Amaro, A. C. &amp;\u00a0 (2021). Amiais: Territory and Memories Translated from Local Speeches. In Oliveira, L., Amaro, A. C. &amp; Melro, A. (Eds.) (2020). <em>Cultural Heritage and Its Impact on Territory Innovation and Development, <\/em>doi: 10.4018\/978-1-7998-6701-2. Available at <a href=\"https:\/\/www.igi-global.com\/book\/handbook-research-cultural-heritage-its\/256638\">https:\/\/www.igi-global.com\/book\/handbook-research-cultural-heritage-its\/256638<\/a><\/p>\n<p>Khan, I., Melro, A., Amaro, A. C. &amp; Oliveira, L. (2020). Internet of Things Prototyping for Cultural Heritage Dissemination. <em>Journal of Digital Media &amp; Interaction <\/em>(special issue on Cultural Heritage and Digital Media, Melro, A., Oliveira, L. &amp; Amaro, A. C. (Eds.)), 3(7), 20-35. Retrieved from <a href=\"https:\/\/proa.ua.pt\/index.php\/jdmi\/article\/view\/16212\/14259\">https:\/\/proa.ua.pt\/index.php\/jdmi\/article\/view\/16212\/14259<\/a><\/p>\n<p>Khan, I., Oliveira, L., Amaro, A. C. &amp; Melro, A. (2020). Sensing the territory as an opportunity for the promotion of cultural heritage. <em>Journal of Digital Media &amp; Interaction <\/em>(special issue on Cultural Heritage and Digital Media, Melro, A., Oliveira, L. &amp; Amaro, A. C. (Eds.)), 3(7), 68-91. Retrieved from <a href=\"https:\/\/proa.ua.pt\/index.php\/jdmi\/article\/view\/16206\">https:\/\/proa.ua.pt\/index.php\/jdmi\/article\/view\/16206<\/a><\/p>\n<p>&nbsp;<\/p>\n<h3>Journal Special dossiers<\/h3>\n<p>&nbsp;<\/p>\n<p>Melro, A., Oliveira, L. &amp; Amaro, A. C. (eds.) (2022). Information and Communication Technologies&#8217; Role in Preservation of Cultural Heritage (Special Issue). ESSACHESS \u2013 Journal for Communication Studies, Volume 15 Issue 1(29), p. 7-13. \u00a9 The Author(s) 2022, Reprints and Permission: ESSACHESS <a href=\"https:\/\/www.essachess.com\/index.php\/jcs\/article\/view\/545\/543\">https:\/\/www.essachess.com\/index.php\/jcs\/article\/view\/545\/543<\/a><\/p>\n<p>Melro, A., Oliveira, L. &amp; Amaro, A. C. (eds.) (2020). Cultural Heritage and Digital Media. Journal of Digital Media &amp; Interaction (special issue). Available at <a href=\"https:\/\/proa.ua.pt\/index.php\/jdmi\/issue\/view\/636\">https:\/\/proa.ua.pt\/index.php\/jdmi\/issue\/view\/636<\/a><\/p>\n<p>&nbsp;<\/p>\n<h3>Dissemination Materials<\/h3>\n<p><iframe loading=\"lazy\" title=\"Explora\u00e7\u00e3o comparativa de Amiais num metaverso e Amiais no espa\u00e7o real\" width=\"1170\" height=\"658\" src=\"https:\/\/www.youtube.com\/embed\/6qwnG53byes?feature=oembed\" frameborder=\"0\" allow=\"accelerometer; autoplay; clipboard-write; encrypted-media; gyroscope; picture-in-picture; web-share\" allowfullscreen><\/iframe><\/p>\n<p>&nbsp;<\/p>\n<p><iframe loading=\"lazy\" title=\"A recria\u00e7\u00e3o de Amiais no metaverso Second Life\" width=\"1170\" height=\"658\" src=\"https:\/\/www.youtube.com\/embed\/dxEspAPKYDg?feature=oembed\" frameborder=\"0\" allow=\"accelerometer; autoplay; clipboard-write; encrypted-media; gyroscope; picture-in-picture; web-share\" allowfullscreen><\/iframe><\/p>\n<p>&nbsp;<\/p>\n<p><iframe loading=\"lazy\" title=\"Sess\u00f5es de co-design em Amiais\" width=\"1170\" height=\"658\" src=\"https:\/\/www.youtube.com\/embed\/72urI3NMYc8?feature=oembed\" frameborder=\"0\" allow=\"accelerometer; autoplay; clipboard-write; encrypted-media; gyroscope; picture-in-picture; web-share\" allowfullscreen><\/iframe><\/p>\n<p>&nbsp;<\/p>\n<p><iframe loading=\"lazy\" title=\"LOCUS project - playfuL cOnneCted rUral territorieS\" width=\"1170\" height=\"658\" src=\"https:\/\/www.youtube.com\/embed\/-sBD8uIxGhY?feature=oembed\" frameborder=\"0\" allow=\"accelerometer; autoplay; clipboard-write; encrypted-media; gyroscope; picture-in-picture; web-share\" allowfullscreen><\/iframe><\/p>\n<p>&nbsp;<\/p>\n<p><iframe loading=\"lazy\" title=\"Teaser Locus\" width=\"1170\" height=\"658\" src=\"https:\/\/www.youtube.com\/embed\/ZRgmgePMO_I?feature=oembed\" frameborder=\"0\" allow=\"accelerometer; autoplay; clipboard-write; encrypted-media; gyroscope; picture-in-picture; web-share\" allowfullscreen><\/iframe><\/p>\n<p><img loading=\"lazy\" class=\"alignleft wp-image-1011 size-large\" src=\"https:\/\/locusproject.web.ua.pt\/wp-content\/uploads\/2019\/05\/flyer_vF_A4_8abril-1-1024x724.png\" alt=\"\" width=\"1024\" height=\"724\" srcset=\"https:\/\/locusproject.web.ua.pt\/wp-content\/uploads\/2019\/05\/flyer_vF_A4_8abril-1-1024x724.png 1024w, https:\/\/locusproject.web.ua.pt\/wp-content\/uploads\/2019\/05\/flyer_vF_A4_8abril-1-300x212.png 300w, https:\/\/locusproject.web.ua.pt\/wp-content\/uploads\/2019\/05\/flyer_vF_A4_8abril-1-768x543.png 768w\" sizes=\"(max-width: 1024px) 100vw, 1024px\" \/><img loading=\"lazy\" class=\"alignleft wp-image-1012 size-large\" src=\"https:\/\/locusproject.web.ua.pt\/wp-content\/uploads\/2019\/05\/CARTAZ_Locus_A0_8abril-1-769x1024.png\" alt=\"\" width=\"769\" height=\"1024\" srcset=\"https:\/\/locusproject.web.ua.pt\/wp-content\/uploads\/2019\/05\/CARTAZ_Locus_A0_8abril-1-769x1024.png 769w, https:\/\/locusproject.web.ua.pt\/wp-content\/uploads\/2019\/05\/CARTAZ_Locus_A0_8abril-1-225x300.png 225w, https:\/\/locusproject.web.ua.pt\/wp-content\/uploads\/2019\/05\/CARTAZ_Locus_A0_8abril-1-768x1022.png 768w\" sizes=\"(max-width: 769px) 100vw, 769px\" \/><img loading=\"lazy\" class=\"alignleft wp-image-1013 size-large\" src=\"https:\/\/locusproject.web.ua.pt\/wp-content\/uploads\/2019\/05\/CARTAZ_Locus_A0_verde_8abril-1-769x1024.png\" alt=\"\" width=\"769\" height=\"1024\" srcset=\"https:\/\/locusproject.web.ua.pt\/wp-content\/uploads\/2019\/05\/CARTAZ_Locus_A0_verde_8abril-1-769x1024.png 769w, https:\/\/locusproject.web.ua.pt\/wp-content\/uploads\/2019\/05\/CARTAZ_Locus_A0_verde_8abril-1-225x300.png 225w, https:\/\/locusproject.web.ua.pt\/wp-content\/uploads\/2019\/05\/CARTAZ_Locus_A0_verde_8abril-1-768x1022.png 768w\" sizes=\"(max-width: 769px) 100vw, 769px\" \/>[\/vc_column_text][\/vc_column][\/vc_row]<\/p>\n","protected":false},"excerpt":{"rendered":"<p>[vc_row][vc_column][vc_column_text] Books &nbsp; Gon\u00e7alves, L. Oliveira, L. &amp; Amaro, A. (2022). Real and Virtual Convergences: the LOCUS Project &#8211; Playful Connected Rural Territories, UA Editora Universidade de Aveiro, ISBN: 978-972-789-777-3 | DOI: 10.4018\/978-1-7998-8528-3,\u00a0 https:\/\/ria.ua.pt\/handle\/10773\/36542 Oliveira, L. (Editor).(2022). Digital Communications, Internet of Things, and the Future of Cultural Tourism, Hershey, USA: IGI Global. Hershey, PA, ISBN13:\u00a09781799885283\u00a0|\u00a0ISBN10:\u00a01799885283\u00a0|\u00a0EISBN13:\u00a09781799885306 [&hellip;]<\/p>\n","protected":false},"author":6,"featured_media":0,"parent":0,"menu_order":0,"comment_status":"closed","ping_status":"closed","template":"","meta":[],"_links":{"self":[{"href":"https:\/\/locusproject.web.ua.pt\/index.php?rest_route=\/wp\/v2\/pages\/1809"}],"collection":[{"href":"https:\/\/locusproject.web.ua.pt\/index.php?rest_route=\/wp\/v2\/pages"}],"about":[{"href":"https:\/\/locusproject.web.ua.pt\/index.php?rest_route=\/wp\/v2\/types\/page"}],"author":[{"embeddable":true,"href":"https:\/\/locusproject.web.ua.pt\/index.php?rest_route=\/wp\/v2\/users\/6"}],"replies":[{"embeddable":true,"href":"https:\/\/locusproject.web.ua.pt\/index.php?rest_route=%2Fwp%2Fv2%2Fcomments&post=1809"}],"version-history":[{"count":12,"href":"https:\/\/locusproject.web.ua.pt\/index.php?rest_route=\/wp\/v2\/pages\/1809\/revisions"}],"predecessor-version":[{"id":1860,"href":"https:\/\/locusproject.web.ua.pt\/index.php?rest_route=\/wp\/v2\/pages\/1809\/revisions\/1860"}],"wp:attachment":[{"href":"https:\/\/locusproject.web.ua.pt\/index.php?rest_route=%2Fwp%2Fv2%2Fmedia&parent=1809"}],"curies":[{"name":"wp","href":"https:\/\/api.w.org\/{rel}","templated":true}]}}